{"id":1205,"date":"2024-03-15T15:37:17","date_gmt":"2024-03-15T14:37:17","guid":{"rendered":"https:\/\/immodxxb.com\/?page_id=1205"},"modified":"2024-06-27T23:25:30","modified_gmt":"2024-06-27T21:25:30","slug":"termin-vereinbaren","status":"publish","type":"page","link":"https:\/\/immodxxb.com\/de\/termin-vereinbaren\/","title":{"rendered":"Termin vereinbaren"},"content":{"rendered":"\t\t<div data-elementor-type=\"wp-page\" data-elementor-id=\"1205\" class=\"elementor elementor-1205\" data-elementor-post-type=\"page\">\n\t\t\t\t\t\t<section class=\"elementor-section elementor-top-section elementor-element elementor-element-3e135dd elementor-section-height-min-height elementor-section-boxed elementor-section-height-default elementor-section-items-middle\" data-id=\"3e135dd\" data-element_type=\"section\" data-settings=\"{&quot;jet_parallax_layout_list&quot;:[],&quot;background_background&quot;:&quot;classic&quot;}\">\n\t\t\t\t\t\t\t<div class=\"elementor-background-overlay\"><\/div>\n\t\t\t\t\t\t\t<div class=\"elementor-container elementor-column-gap-default\">\n\t\t\t\t\t<div class=\"elementor-column elementor-col-100 elementor-top-column elementor-element elementor-element-0f625eb\" data-id=\"0f625eb\" data-element_type=\"column\">\n\t\t\t<div class=\"elementor-widget-wrap elementor-element-populated\">\n\t\t\t\t\t\t<div class=\"elementor-element elementor-element-e375b5a elementor-hidden-mobile elementor-invisible elementor-widget elementor-widget-heading\" data-id=\"e375b5a\" data-element_type=\"widget\" data-settings=\"{&quot;_animation&quot;:&quot;fadeInUp&quot;,&quot;_animation_delay&quot;:50}\" data-widget_type=\"heading.default\">\n\t\t\t\t<div class=\"elementor-widget-container\">\n\t\t\t\t\t<h2 class=\"elementor-heading-title elementor-size-default\">Termin vereinbaren<\/h2>\t\t\t\t<\/div>\n\t\t\t\t<\/div>\n\t\t\t\t<div class=\"elementor-element elementor-element-e48cc71 elementor-hidden-desktop elementor-hidden-tablet elementor-invisible elementor-widget elementor-widget-heading\" data-id=\"e48cc71\" data-element_type=\"widget\" data-settings=\"{&quot;_animation&quot;:&quot;fadeInUp&quot;,&quot;_animation_delay&quot;:50}\" data-widget_type=\"heading.default\">\n\t\t\t\t<div class=\"elementor-widget-container\">\n\t\t\t\t\t<h2 class=\"elementor-heading-title elementor-size-default\">Termin vereinbaren<\/h2>\t\t\t\t<\/div>\n\t\t\t\t<\/div>\n\t\t\t\t\t<\/div>\n\t\t<\/div>\n\t\t\t\t\t<\/div>\n\t\t<\/section>\n\t\t\t\t<section class=\"elementor-section elementor-top-section elementor-element elementor-element-72fcab1 elementor-section-boxed elementor-section-height-default elementor-section-height-default\" data-id=\"72fcab1\" data-element_type=\"section\" data-settings=\"{&quot;jet_parallax_layout_list&quot;:[]}\">\n\t\t\t\t\t\t<div class=\"elementor-container elementor-column-gap-default\">\n\t\t\t\t\t<div class=\"elementor-column elementor-col-100 elementor-top-column elementor-element elementor-element-f74dd18\" data-id=\"f74dd18\" data-element_type=\"column\">\n\t\t\t<div class=\"elementor-widget-wrap elementor-element-populated\">\n\t\t\t\t\t\t<div class=\"elementor-element elementor-element-505e304 elementor-hidden-mobile elementor-widget elementor-widget-heading\" data-id=\"505e304\" data-element_type=\"widget\" data-widget_type=\"heading.default\">\n\t\t\t\t<div class=\"elementor-widget-container\">\n\t\t\t\t\t<h2 class=\"elementor-heading-title elementor-size-default\">Wir freuen uns auf ein Gespr\u00e4ch mit Ihnen<\/h2>\t\t\t\t<\/div>\n\t\t\t\t<\/div>\n\t\t\t\t<div class=\"elementor-element elementor-element-b5d4a8d elementor-hidden-desktop elementor-hidden-tablet elementor-widget elementor-widget-heading\" data-id=\"b5d4a8d\" data-element_type=\"widget\" data-widget_type=\"heading.default\">\n\t\t\t\t<div class=\"elementor-widget-container\">\n\t\t\t\t\t<h2 class=\"elementor-heading-title elementor-size-default\">Wir freuen uns auf ein Gespr\u00e4ch mit Ihnen<\/h2>\t\t\t\t<\/div>\n\t\t\t\t<\/div>\n\t\t\t\t<div class=\"elementor-element elementor-element-14e6afb elementor-hidden-mobile elementor-widget elementor-widget-text-editor\" data-id=\"14e6afb\" data-element_type=\"widget\" data-widget_type=\"text-editor.default\">\n\t\t\t\t<div class=\"elementor-widget-container\">\n\t\t\t\t\t\t\t\t\t<p><span style=\"font-weight: 400;\">Vereinbaren Sie Ihren Wunschtermin f\u00fcr eine Erstberatung ganz einfach online.\u00a0 <br \/>Wir bieten zu den einzelnen Service Bereichen kurze, professionees kostenfreie Gesprche an, um Ihre W\u00fcnsche bzw. Fragen evaluieren zu k\u00f6nnen. <br \/><\/span><\/p><p><span style=\"font-weight: 400;\">W\u00e4hlen Sie bitte die gew\u00fcnschte Meetingoption aus.<\/span><\/p>\t\t\t\t\t\t\t\t<\/div>\n\t\t\t\t<\/div>\n\t\t\t\t<div class=\"elementor-element elementor-element-227af6d elementor-hidden-desktop elementor-hidden-tablet elementor-widget elementor-widget-text-editor\" data-id=\"227af6d\" data-element_type=\"widget\" data-widget_type=\"text-editor.default\">\n\t\t\t\t<div class=\"elementor-widget-container\">\n\t\t\t\t\t\t\t\t\t<p><span style=\"font-weight: 400;\">Vereinbaren Sie Ihren Wunschtermin f\u00fcr eine Erstberatung ganz einfach online.\u00a0 <br \/>Wir bieten zu den einzelnen Service Bereichen kurze, professionees kostenfreie Gesprche an, um Ihre W\u00fcnsche bzw. Fragen evaluieren zu k\u00f6nnen. <br \/><\/span><\/p><p><b>W\u00e4hlen Sie bitte die gew\u00fcnschte Meetingoption aus.<\/b><\/p>\t\t\t\t\t\t\t\t<\/div>\n\t\t\t\t<\/div>\n\t\t\t\t\t<\/div>\n\t\t<\/div>\n\t\t\t\t\t<\/div>\n\t\t<\/section>\n\t\t\t\t<section class=\"elementor-section elementor-top-section elementor-element elementor-element-1c05b03 elementor-section-boxed elementor-section-height-default elementor-section-height-default\" data-id=\"1c05b03\" data-element_type=\"section\" data-settings=\"{&quot;jet_parallax_layout_list&quot;:[]}\">\n\t\t\t\t\t\t<div class=\"elementor-container elementor-column-gap-default\">\n\t\t\t\t\t<div class=\"elementor-column elementor-col-100 elementor-top-column elementor-element elementor-element-a3f24ff\" data-id=\"a3f24ff\" data-element_type=\"column\">\n\t\t\t<div class=\"elementor-widget-wrap elementor-element-populated\">\n\t\t\t\t\t\t<div class=\"elementor-element elementor-element-f4688c8 elementor-widget elementor-widget-html\" data-id=\"f4688c8\" data-element_type=\"widget\" data-widget_type=\"html.default\">\n\t\t\t\t<div class=\"elementor-widget-container\">\n\t\t\t\t\t<iframe src=\"https:\/\/link.adjobooster.com\/widget\/booking\/RjjdPszADpXDkpFXTgMf\" style=\"width: 100%;border:none;overflow: hidden;\" scrolling=\"no\" id=\"RjjdPszADpXDkpFXTgMf_1715278483823\"><\/iframe><br><script src=\"https:\/\/link.adjobooster.com\/js\/form_embed.js\" type=\"text\/javascript\"><\/script>\t\t\t\t<\/div>\n\t\t\t\t<\/div>\n\t\t\t\t\t<\/div>\n\t\t<\/div>\n\t\t\t\t\t<\/div>\n\t\t<\/section>\n\t\t\t\t<section class=\"elementor-section elementor-top-section elementor-element elementor-element-e81b414 elementor-section-boxed elementor-section-height-default elementor-section-height-default\" data-id=\"e81b414\" data-element_type=\"section\" data-settings=\"{&quot;jet_parallax_layout_list&quot;:[]}\">\n\t\t\t\t\t\t<div class=\"elementor-container elementor-column-gap-default\">\n\t\t\t\t\t<div class=\"elementor-column elementor-col-100 elementor-top-column elementor-element elementor-element-7b9c693\" data-id=\"7b9c693\" data-element_type=\"column\">\n\t\t\t<div class=\"elementor-widget-wrap elementor-element-populated\">\n\t\t\t\t\t\t<div class=\"elementor-element elementor-element-cacce8b elementor-hidden-mobile elementor-widget elementor-widget-text-editor\" data-id=\"cacce8b\" data-element_type=\"widget\" data-widget_type=\"text-editor.default\">\n\t\t\t\t<div class=\"elementor-widget-container\">\n\t\t\t\t\t\t\t\t\t<p>Falls Sie Fragen zu anderen Rechtsgebieten oder Themen haben, k\u00f6nnen Sie uns gerne eine unverbindliche Kontaktanfrage senden.<\/p><p>Wir melden uns dann umgehend bei Ihnen. Weiter zur <strong><a href=\"https:\/\/immodxxb.com\/kontakt\/\">Kontaktanfrage<\/a><\/strong><\/p>\t\t\t\t\t\t\t\t<\/div>\n\t\t\t\t<\/div>\n\t\t\t\t<div class=\"elementor-element elementor-element-78e74e6 elementor-hidden-desktop elementor-hidden-tablet elementor-widget elementor-widget-text-editor\" data-id=\"78e74e6\" data-element_type=\"widget\" data-widget_type=\"text-editor.default\">\n\t\t\t\t<div class=\"elementor-widget-container\">\n\t\t\t\t\t\t\t\t\t<p>Falls Sie Fragen zu anderen Rechtsgebieten oder Themen haben, k\u00f6nnen Sie uns gerne eine unverbindliche Kontaktanfrage senden.<\/p><p>Wir melden uns dann umgehend bei Ihnen. Weiter zur <strong><a href=\"https:\/\/immodxxb.com\/kontakt\/\">Kontaktanfrage<\/a><\/strong><\/p>\t\t\t\t\t\t\t\t<\/div>\n\t\t\t\t<\/div>\n\t\t\t\t\t<\/div>\n\t\t<\/div>\n\t\t\t\t\t<\/div>\n\t\t<\/section>\n\t\t\t\t<section class=\"elementor-section elementor-top-section elementor-element elementor-element-08037ab elementor-section-boxed elementor-section-height-default elementor-section-height-default\" data-id=\"08037ab\" data-element_type=\"section\" data-settings=\"{&quot;jet_parallax_layout_list&quot;:[]}\">\n\t\t\t\t\t\t<div class=\"elementor-container elementor-column-gap-default\">\n\t\t\t\t\t<div class=\"elementor-column elementor-col-100 elementor-top-column elementor-element elementor-element-9950fb8\" data-id=\"9950fb8\" data-element_type=\"column\">\n\t\t\t<div class=\"elementor-widget-wrap elementor-element-populated\">\n\t\t\t\t\t\t<div class=\"elementor-element elementor-element-82e98bc elementor-widget elementor-widget-spacer\" data-id=\"82e98bc\" data-element_type=\"widget\" data-widget_type=\"spacer.default\">\n\t\t\t\t<div class=\"elementor-widget-container\">\n\t\t\t\t\t\t\t<div class=\"elementor-spacer\">\n\t\t\t<div class=\"elementor-spacer-inner\"><\/div>\n\t\t<\/div>\n\t\t\t\t\t\t<\/div>\n\t\t\t\t<\/div>\n\t\t\t\t\t<\/div>\n\t\t<\/div>\n\t\t\t\t\t<\/div>\n\t\t<\/section>\n\t\t\t\t<\/div>\n\t\t","protected":false},"excerpt":{"rendered":"<p>Termin vereinbaren Termin vereinbaren Wir freuen uns auf ein Gespr\u00e4ch mit Ihnen Wir freuen uns auf ein Gespr\u00e4ch mit Ihnen Vereinbaren Sie Ihren Wunschtermin f\u00fcr eine Erstberatung ganz einfach online.\u00a0 Wir bieten zu den einzelnen Service Bereichen kurze, professionees kostenfreie Gesprche an, um Ihre W\u00fcnsche bzw. Fragen evaluieren zu k\u00f6nnen. W\u00e4hlen Sie bitte die gew\u00fcnschte [&hellip;]<\/p>\n","protected":false},"author":3,"featured_media":0,"parent":0,"menu_order":0,"comment_status":"closed","ping_status":"closed","template":"","meta":{"footnotes":""},"class_list":["post-1205","page","type-page","status-publish","hentry"],"_links":{"self":[{"href":"https:\/\/immodxxb.com\/de\/wp-json\/wp\/v2\/pages\/1205","targetHints":{"allow":["GET"]}}],"collection":[{"href":"https:\/\/immodxxb.com\/de\/wp-json\/wp\/v2\/pages"}],"about":[{"href":"https:\/\/immodxxb.com\/de\/wp-json\/wp\/v2\/types\/page"}],"author":[{"embeddable":true,"href":"https:\/\/immodxxb.com\/de\/wp-json\/wp\/v2\/users\/3"}],"replies":[{"embeddable":true,"href":"https:\/\/immodxxb.com\/de\/wp-json\/wp\/v2\/comments?post=1205"}],"version-history":[{"count":89,"href":"https:\/\/immodxxb.com\/de\/wp-json\/wp\/v2\/pages\/1205\/revisions"}],"predecessor-version":[{"id":2273,"href":"https:\/\/immodxxb.com\/de\/wp-json\/wp\/v2\/pages\/1205\/revisions\/2273"}],"wp:attachment":[{"href":"https:\/\/immodxxb.com\/de\/wp-json\/wp\/v2\/media?parent=1205"}],"curies":[{"name":"wp","href":"https:\/\/api.w.org\/{rel}","templated":true}]}}